{"id":104,"date":"2021-08-23T14:54:09","date_gmt":"2021-08-23T14:54:09","guid":{"rendered":"https:\/\/hid.servitrans.co\/?page_id=104"},"modified":"2021-08-24T21:03:35","modified_gmt":"2021-08-24T21:03:35","slug":"impresoras","status":"publish","type":"page","link":"https:\/\/hid.servitrans.co\/index.php\/impresoras\/","title":{"rendered":"Impresoras"},"content":{"rendered":"\n<div class=\"wp-block-cover alignfull has-background-dim\"><img loading=\"lazy\" decoding=\"async\" width=\"1920\" height=\"960\" class=\"wp-block-cover__image-background wp-image-105\" alt=\"\" src=\"https:\/\/hid.servitrans.co\/wp-content\/uploads\/2021\/08\/Portada.jpg\" data-object-fit=\"cover\"\/><div class=\"wp-block-cover__inner-container is-layout-flow wp-block-cover-is-layout-flow\">\n<p class=\"has-text-align-center has-large-font-size\">Impresoras<\/p>\n<\/div><\/div>\n\n\n\n<div style=\"height:53px\" aria-hidden=\"true\" class=\"wp-block-spacer\"><\/div>\n\n\n\n<h2 class=\"has-text-align-center wp-block-heading\"><strong>La impresora DTC5500LMX<\/strong> de HID Global\u00ae<\/h2>\n\n\n\n<figure class=\"wp-block-gallery columns-3 is-cropped wp-block-gallery-1 is-layout-flex wp-block-gallery-is-layout-flex\"><ul class=\"blocks-gallery-grid\"><li class=\"blocks-gallery-item\"><figure><img loading=\"lazy\" decoding=\"async\" width=\"752\" height=\"752\" src=\"https:\/\/hid.servitrans.co\/wp-content\/uploads\/2021\/08\/Straight-On-DTC5500LMX-left-angle-web.png\" alt=\"\" data-id=\"107\" data-link=\"https:\/\/hid.servitrans.co\/?attachment_id=107\" class=\"wp-image-107\"\/><\/figure><\/li><li class=\"blocks-gallery-item\"><figure><img loading=\"lazy\" decoding=\"async\" width=\"736\" height=\"736\" src=\"https:\/\/hid.servitrans.co\/wp-content\/uploads\/2021\/08\/Straight-On-DTC5500LMX-right-angle-lid-open-web.png\" alt=\"\" data-id=\"108\" data-link=\"https:\/\/hid.servitrans.co\/?attachment_id=108\" class=\"wp-image-108\"\/><\/figure><\/li><li class=\"blocks-gallery-item\"><figure><img loading=\"lazy\" decoding=\"async\" width=\"752\" height=\"752\" src=\"https:\/\/hid.servitrans.co\/wp-content\/uploads\/2021\/08\/Straight-On-DTC5500LMX-left-angle-lid-open-web.png\" alt=\"\" data-id=\"106\" data-link=\"https:\/\/hid.servitrans.co\/?attachment_id=106\" class=\"wp-image-106\"\/><\/figure><\/li><\/ul><\/figure>\n\n\n\n<h3 class=\"has-text-align-center wp-block-heading\">Es una soluci\u00f3n de impresi\u00f3n de tarjetas de identificaci\u00f3n asequible y ecol\u00f3gica que proporciona conexi\u00f3n directa a la tarjeta de alta calidad (DTC\u00ae) y cuenta con laminaci\u00f3n sin desperdicios para un costo por tarjeta muy bajo<\/h3>\n\n\n\n<figure class=\"wp-block-embed aligncenter is-type-video is-provider-youtube wp-block-embed-youtube wp-embed-aspect-16-9 wp-has-aspect-ratio\"><div class=\"wp-block-embed__wrapper\">\n<iframe loading=\"lazy\" title=\"Impresora de Seguridad HID FARGO DTC5500LMX ID C\" width=\"800\" height=\"450\" src=\"https:\/\/www.youtube.com\/embed\/q6SuOGsRLmM?feature=oembed\" frameborder=\"0\" allow=\"accelerometer; autoplay; clipboard-write; encrypted-media; gyroscope; picture-in-picture\" allowfullscreen><\/iframe>\n<\/div><\/figure>\n\n\n\n<div class=\"wp-block-media-text alignwide is-stacked-on-mobile\" style=\"grid-template-columns:35% auto\"><figure class=\"wp-block-media-text__media\"><img loading=\"lazy\" decoding=\"async\" width=\"748\" height=\"748\" src=\"https:\/\/hid.servitrans.co\/wp-content\/uploads\/2021\/08\/Straight-On-DTC5500LMX-right-angle-web.png\" alt=\"\" class=\"wp-image-110 size-full\"\/><\/figure><div class=\"wp-block-media-text__content\">\n<p>Dise\u00f1ado para satisfacer las necesidades de organizaciones conscientes del presupuesto, el DTC5500LMX incluye tolvas de tarjetas dobles est\u00e1ndar y soporte para cinta y laminado a todo color de alta capacidad consumibles: mantener los costos al m\u00ednimo y maximizar la productividad. Para ahorros a\u00fan mayores, el DTC5500LMX incluye impresi\u00f3n a doble cara y laminaci\u00f3n a doble cara como caracter\u00edsticas est\u00e1ndar, lo que elimina el necesita comprar m\u00f3dulos de hardware adicionales. Aprovechando el innovador sistema sin desperdicios de HID Global tecnolog\u00eda de laminaci\u00f3n, el DTC5500LMX puede reducir el costo de los materiales de laminaci\u00f3n de alto volumen hasta 40%.<\/p>\n<\/div><\/div>\n\n\n\n<div class=\"wp-block-columns alignwide is-layout-flex wp-container-core-columns-is-layout-9d6595d7 wp-block-columns-is-layout-flex\">\n<div class=\"wp-block-column is-vertically-aligned-center is-layout-flow wp-block-column-is-layout-flow\">\n<p>El DTC5500LMX tambi\u00e9n cuenta con la tecnolog\u00eda iON \u2122 pendiente de patente de HID Global, lo que permite que la unidad alcance la temperatura de funcionamiento \u00f3ptima en s\u00f3lo 45 segundos desde un inactivo en fr\u00edo, lo que agiliza el proceso de impresi\u00f3n.<\/p>\n\n\n\n<p>Esta tecnolog\u00eda tambi\u00e9n mantiene la temperatura de funcionamiento de forma m\u00e1s constante que cualquier laminadora del pasado.<\/p>\n\n\n\n<p>Utilizando componentes met\u00e1licos robustos, la carcasa duradera pero elegante de la unidad garantiza una producci\u00f3n continua, incluso en los entornos de impresi\u00f3n m\u00e1s exigentes.<\/p>\n<\/div>\n\n\n\n<div class=\"wp-block-column is-vertically-aligned-center is-layout-flow wp-block-column-is-layout-flow\">\n<figure class=\"wp-block-image alignwide size-full\"><img loading=\"lazy\" decoding=\"async\" width=\"659\" height=\"659\" src=\"https:\/\/hid.servitrans.co\/wp-content\/uploads\/2021\/08\/Top-Open-left-angle-web.png\" alt=\"\" class=\"wp-image-112\"\/><\/figure>\n<\/div>\n\n\n\n<div class=\"wp-block-column is-vertically-aligned-center is-layout-flow wp-block-column-is-layout-flow\">\n<p><\/p>\n\n\n\n<p>Construido sobre m\u00e1s de 20 a\u00f1os de experiencia directa en tarjeta HID Global, el DTC5500LMX combina una funcionalidad rica en funciones y que ahorra costos con una confiabilidad probada. <\/p>\n\n\n\n<p>M\u00e1s all\u00e1 de su completo conjunto de funciones est\u00e1ndar, el DTC5500LMX ofrece la versatilidad para satisfacer sus necesidades de aplicaci\u00f3n de tarjetas hoy y en el futuro. <\/p>\n\n\n\n<p>Para Impresi\u00f3n y codificaci\u00f3n en l\u00ednea en un solo paso, HID Global ofrece m\u00faltiples opciones de codificador actualizables en campo.<\/p>\n<\/div>\n<\/div>\n\n\n\n<div class=\"wp-block-columns alignwide is-layout-flex wp-container-core-columns-is-layout-9d6595d7 wp-block-columns-is-layout-flex\">\n<div class=\"wp-block-column is-layout-flow wp-block-column-is-layout-flow\" style=\"flex-basis:66.66%\">\n<p>El DTC5500LMX ofrece configuraciones de material laminado simple o doble para adaptarse mejor a sus necesidades de laminaci\u00f3n. Cuando solo se desea un material de laminaci\u00f3n para el anverso o ambos anverso y reverso de su tarjeta, la configuraci\u00f3n de material laminado \u00fanico puede ser utilizado.\u00a0<\/p>\n\n\n\n<p>Por ejemplo, un empleado corporativo. La identificaci\u00f3n s\u00f3lo puede requerir un parche laminado transparente en el frente de la tarjeta para una mayor durabilidad Tambi\u00e9n se ofrece una opci\u00f3n de dos materiales disponible para trabajos que requieren diferentes materiales de laminaci\u00f3n a ambos lados de la tarjeta. <\/p>\n\n\n\n<p>Esto es especialmente \u00fatil para credenciales multiprop\u00f3sito. Por ejemplo, universidades y otras organizaciones pueden optar por una laminado hologr\u00e1fico personalizado en el frente de su tarjeta inteligente multiusos para mayor seguridad<\/p>\n\n\n\n<p>y utilice un laminado de medio parche en la parte posterior de la tarjeta para proteger otros elementos de la tarjeta, como c\u00f3digos de barras dejando una banda magn\u00e9tica libre de cargas para la venta sin efectivo, el tr\u00e1nsito, acceso al campus u otras aplicaciones.<\/p>\n<\/div>\n\n\n\n<div class=\"wp-block-column is-layout-flow wp-block-column-is-layout-flow\" style=\"flex-basis:33.33%\">\n<figure class=\"wp-block-image alignwide size-full\"><img loading=\"lazy\" decoding=\"async\" width=\"655\" height=\"655\" src=\"https:\/\/hid.servitrans.co\/wp-content\/uploads\/2021\/08\/Top-Open-Straight-web.png\" alt=\"\" class=\"wp-image-111\"\/><\/figure>\n<\/div>\n<\/div>\n\n\n\n<h2 class=\"has-text-align-center wp-block-heading\">Simplicidad operativa<\/h2>\n\n\n\n<div class=\"wp-block-columns alignwide is-layout-flex wp-container-core-columns-is-layout-9d6595d7 wp-block-columns-is-layout-flex\">\n<div class=\"wp-block-column is-vertically-aligned-center is-layout-flow wp-block-column-is-layout-flow\">\n<p>F\u00e1cil de cargar y operar, el DTC5500LMX proporciona sin desperdicio conveniente, sin cartuchos laminaci\u00f3n y sensores incorporados autom\u00e1ticamente avance sobre laminados dentro de la unidad para alineaci\u00f3n adecuada y resultados \u00f3ptimos. <\/p>\n\n\n\n<p>Adem\u00e1s, las funciones de impresora y plastificadora un SmartScreen \u2122 gr\u00e1fico f\u00e1cil de usar en pantalla, lo que le permite desplazarse f\u00e1cilmente y seleccionar las opciones de impresi\u00f3n y laminaci\u00f3n. <\/p>\n<\/div>\n\n\n\n<div class=\"wp-block-column is-vertically-aligned-center is-layout-flow wp-block-column-is-layout-flow\">\n<figure class=\"wp-block-image alignwide size-full\"><img loading=\"lazy\" decoding=\"async\" width=\"800\" height=\"800\" src=\"https:\/\/hid.servitrans.co\/wp-content\/uploads\/2021\/08\/Lam-Roll-1-2015-web.png\" alt=\"\" class=\"wp-image-115\"\/><\/figure>\n<\/div>\n\n\n\n<div class=\"wp-block-column is-vertically-aligned-center is-layout-flow wp-block-column-is-layout-flow\">\n<p>Una luz andon opcional alerta a los usuarios cuando los materiales son bajos o se requiere limpieza, simplificando a\u00fan m\u00e1s la operaci\u00f3n y asegurando que su inversi\u00f3n se conserve en el tiempo, incluso en los entornos operativos m\u00e1s duros.&nbsp;<\/p>\n\n\n\n<p>Exterior duradero pero elegante Atractivo, confiable y robusto, el DTC5500LMX est\u00e1 fabricado con materiales resistentes materiales para soportar un alto rendimiento<\/p>\n\n\n\n<p>demandas manteniendo un elegante y profesional busque su oficina o estaci\u00f3n de acreditaci\u00f3n.<\/p>\n<\/div>\n<\/div>\n\n\n\n<div class=\"wp-block-columns alignwide is-layout-flex wp-container-core-columns-is-layout-9d6595d7 wp-block-columns-is-layout-flex\">\n<div class=\"wp-block-column is-layout-flow wp-block-column-is-layout-flow\">\n<h3 class=\"wp-block-heading\">Tecnolog\u00eda DTC probada y confiabilidad<\/h3>\n\n\n\n<p>El DTC5500LMX refleja las caracter\u00edsticas de HID Global compromiso con la inspiraci\u00f3n del cliente innovaci\u00f3n y la emocionante evoluci\u00f3n de nuestras soluciones directas a la tarjeta. De confianza confiable y basado en 20 a\u00f1os de experiencia directa a la tarjeta, el DTC5500LMX combina confiabilidad probada con avanzada caracter\u00edsticas tecnol\u00f3gicas que fueron espec\u00edficamente dise\u00f1ado para ahorrarle tiempo y dinero. Como el l\u00edder reconocido de la industria en calidad, HID Global est\u00e1 comprometido con la satisfacci\u00f3n del cliente excelencia.<\/p>\n<\/div>\n\n\n\n<div class=\"wp-block-column is-layout-flow wp-block-column-is-layout-flow\">\n<h3 class=\"wp-block-heading\">Sistema de impresora ecol\u00f3gico y consumibles<\/h3>\n\n\n\n<p>El DTC5500LMX es ecol\u00f3gico, soluci\u00f3n energ\u00e9ticamente eficiente que admite iniciativas y ayudas ecol\u00f3gicas corporativas las organizaciones reducen los costos. No solo lo hace el DTC5500LMX reduce considerablemente residuos de consumibles con innovadores tecnolog\u00eda de laminaci\u00f3n sin desperdicios, la impresora ha sido certificado GreenCircle\u00ae por su energ\u00eda atributos de conservaci\u00f3n.<\/p>\n<\/div>\n\n\n\n<div class=\"wp-block-column is-layout-flow wp-block-column-is-layout-flow\">\n<figure class=\"wp-block-image alignwide size-full\"><img loading=\"lazy\" decoding=\"async\" width=\"736\" height=\"736\" src=\"https:\/\/hid.servitrans.co\/wp-content\/uploads\/2021\/08\/Straight-On-DTC5500LMX-right-angle-lid-open-web.png\" alt=\"\" class=\"wp-image-108\"\/><\/figure>\n<\/div>\n<\/div>\n\n\n\n<div class=\"wp-block-columns alignwide is-layout-flex wp-container-core-columns-is-layout-9d6595d7 wp-block-columns-is-layout-flex\">\n<div class=\"wp-block-column is-layout-flow wp-block-column-is-layout-flow\" style=\"flex-basis:33.33%\">\n<figure class=\"wp-block-image size-full\"><img loading=\"lazy\" decoding=\"async\" width=\"638\" height=\"638\" src=\"https:\/\/hid.servitrans.co\/wp-content\/uploads\/2021\/08\/Side-card-slot-web.png\" alt=\"\" class=\"wp-image-153\"\/><\/figure>\n<\/div>\n\n\n\n<div class=\"wp-block-column is-layout-flow wp-block-column-is-layout-flow\" style=\"flex-basis:66.66%\">\n<h3 class=\"wp-block-heading\">Una soluci\u00f3n escalable y flexible<\/h3>\n\n\n\n<p>No todas las identificaciones son iguales. Algunos pueden requerir solo impresi\u00f3n y laminado, mientras que otros necesitan codificaci\u00f3n de tarjetas de tecnolog\u00eda. Algunas las organizaciones necesitan un sistema de impresi\u00f3n que se adapte a las necesidades particulares ahora y tiene la capacidad para satisfacer necesidades adicionales a lo largo del tiempo. El DTC5500LMX tiene varias opciones que se pueden agregar para cumplir con sus requisitos especializados, incluso:<\/p>\n\n\n\n<p>\u2022 Codificaci\u00f3n magn\u00e9tica ISO<\/p>\n\n\n\n<p>\u2022 Codificaci\u00f3n de tarjetas con o sin contacto<\/p>\n\n\n\n<p>\u2022 Comentarios del operador remoto de Andon Light<\/p>\n\n\n\n<p>\u2022 Cerraduras f\u00edsicas para tolvas y consumibles<\/p>\n\n\n\n<p>\u2022 M\u00f3dulo Wi-Fi\u00ae para impresi\u00f3n remota<\/p>\n<\/div>\n<\/div>\n\n\n\n<div class=\"wp-block-columns alignwide is-layout-flex wp-container-core-columns-is-layout-9d6595d7 wp-block-columns-is-layout-flex\">\n<div class=\"wp-block-column is-layout-flow wp-block-column-is-layout-flow\">\n<p>El DTC5500LMX es completamente graduable en campo para que, a medida que sus necesidades evolucionan, no necesite comprar otra soluci\u00f3n. Adem\u00e1s, el DTC5500LMX es totalmente interoperable con la tecnolog\u00eda Genuine HID\u00ae. Esto garantiza la interoperabilidad de la impresora. con otros productos dentro de HID Global ecosistema, lo que le permite aprovechar su inversiones existentes de HID Global. Por ejemplo, puede agregar f\u00e1cilmente un codificador a su impresora DTC5500LMX, si necesita personalizar y codificar tarjetas de identificaci\u00f3n con el mismo dispositivo, en un solo proceso de emisi\u00f3n &#8211; todo sin tener que reemplazar su impresora.<\/p>\n<\/div>\n<\/div>\n\n\n\n<h2 class=\"has-text-align-center wp-block-heading\">Influencias que impulsan la necesidad de soluciones de laminaci\u00f3n<\/h2>\n\n\n\n<div class=\"wp-block-columns alignwide is-layout-flex wp-container-core-columns-is-layout-9d6595d7 wp-block-columns-is-layout-flex\">\n<div class=\"wp-block-column is-layout-flow wp-block-column-is-layout-flow\" style=\"flex-basis:25%\">\n<p>\u25aa Impulsores del mercado<\/p>\n\n\n\n<p> \u25aa La necesidad de seguridad hologr\u00e1fica est\u00e1 aumentando para combatir las identificaciones falsificadas a nivel mundial.<\/p>\n\n\n\n<p> \u25aa Los mercados emergentes buscan herramientas m\u00e1s asequibles para la emisi\u00f3n de identificaciones centralizada y segura a la creciente poblaci\u00f3n de ciudadanos<\/p>\n\n\n\n<p> \u25aa Los clientes de emisi\u00f3n de tarjetas de alto volumen buscan soluciones de bajo costo por tarjeta.<\/p>\n\n\n\n<p> \u25aa Emitir identificaciones seguras y duraderas de forma eficaz<\/p>\n\n\n\n<p> \u25aa Aumentar la vida \u00fatil de cada tarjeta reducir\u00e1 los costos recurrentes de reimpresi\u00f3n de tarjetas de identificaci\u00f3n y tarjetas de identificaci\u00f3n oficiales<\/p>\n<\/div>\n\n\n\n<div class=\"wp-block-column is-layout-flow wp-block-column-is-layout-flow\" style=\"flex-basis:50%\">\n<figure class=\"wp-block-image size-full\"><img loading=\"lazy\" decoding=\"async\" width=\"800\" height=\"800\" src=\"https:\/\/hid.servitrans.co\/wp-content\/uploads\/2021\/08\/Straight-On-DTC5500LMXa.png\" alt=\"\" class=\"wp-image-100\"\/><\/figure>\n<\/div>\n\n\n\n<div class=\"wp-block-column is-layout-flow wp-block-column-is-layout-flow\" style=\"flex-basis:25%\">\n<p>\u25aa La tecnolog\u00eda iON \u2122 pendiente de patente de HID Global combina la eficiencia energ\u00e9tica con un r\u00e1pido control del calor para permiten el tiempo de preparaci\u00f3n m\u00e1s r\u00e1pido de la industria<\/p>\n\n\n\n<p>\u25aa La laminaci\u00f3n sin desperdicios LMX reduce los costos de los consumibles hasta en un 40% con respecto a los m\u00e9todos de laminaci\u00f3n heredados<\/p>\n\n\n\n<p>\u25aa La mayor cobertura de parches de tarjetas de la industria<\/p>\n\n\n\n<p>\u25aa Primera impresora de tarjetas laminadoras con certificaci\u00f3n GreenCircle\u00ae<\/p>\n\n\n\n<p>\u25aa Cada m\u00e1quina tiene capacidad de impresi\u00f3n a doble cara y de laminaci\u00f3n a doble cara<\/p>\n\n\n\n<p>\u25aa Amplia gama de opciones de codificadores de tarjetas de tecnolog\u00eda disponibles<\/p>\n\n\n\n<p>\u25aa Garant\u00eda de tres a\u00f1os<\/p>\n<\/div>\n<\/div>\n\n\n\n<h2 class=\"has-text-align-center wp-block-heading\">\u00bfQu\u00e9 es la laminaci\u00f3n sin desperdicios?<\/h2>\n\n\n\n<div class=\"wp-block-columns alignwide is-layout-flex wp-container-core-columns-is-layout-9d6595d7 wp-block-columns-is-layout-flex\">\n<div class=\"wp-block-column is-layout-flow wp-block-column-is-layout-flow\">\n<figure class=\"wp-block-image alignwide size-full\"><img loading=\"lazy\" decoding=\"async\" width=\"581\" height=\"581\" src=\"https:\/\/hid.servitrans.co\/wp-content\/uploads\/2021\/08\/Side-card-slot-closed-web.png\" alt=\"\" class=\"wp-image-158\"\/><\/figure>\n<\/div>\n\n\n\n<div class=\"wp-block-column is-layout-flow wp-block-column-is-layout-flow\">\n<h3 class=\"has-text-align-left wp-block-heading\">Tradicional<\/h3>\n\n\n\n<p>\u2022 Dos n\u00facleos: suministro y recogida<\/p>\n\n\n\n<p>\u2022 La pel\u00edcula portadora sostiene los parches antes se aplican a una tarjeta<\/p>\n\n\n\n<p>\u2022 El laminador debe detenerse despu\u00e9s cantidad anunciada de parches<\/p>\n\n\n\n<p>\u2022 Forma tradicional de plastificar tarjetas<\/p>\n<\/div>\n\n\n\n<div class=\"wp-block-column is-layout-flow wp-block-column-is-layout-flow\">\n<h3 class=\"has-text-align-left wp-block-heading\">LMX sin desperdicios<\/h3>\n\n\n\n<p>\u2022 Un solo n\u00facleo<\/p>\n\n\n\n<p>\u2022 El laminado perforado se rompe cuando se aplica a cada carta<\/p>\n\n\n\n<p>\u2022 Grandes ahorros en la fabricaci\u00f3n costos de consumibles<\/p>\n\n\n\n<p>\u2022 No quedan parches sin usar en el n\u00facleo<\/p>\n\n\n\n<p> \u2022  todos los parches se pueden usar<\/p>\n<\/div>\n<\/div>\n\n\n\n<div class=\"wp-block-columns alignwide is-layout-flex wp-container-core-columns-is-layout-9d6595d7 wp-block-columns-is-layout-flex\">\n<div class=\"wp-block-column is-layout-flow wp-block-column-is-layout-flow\" style=\"flex-basis:66.66%\">\n<h3 class=\"wp-block-heading\">Laminaci\u00f3n de dos materiales<\/h3>\n\n\n\n<p>\u25aa A diferencia de muchas impresoras de tarjetas de identificaci\u00f3n tradicionales, la impresi\u00f3n y laminaci\u00f3n DTC5500LMX La soluci\u00f3n ofrece laminaci\u00f3n de doble cara como caracter\u00edstica est\u00e1ndar incorporada.<\/p>\n\n\n\n<p>\u25aa Las impresoras tradicionales de tarjetas de identificaci\u00f3n heredadas requieren la compra adicional de un m\u00f3dulo de laminaci\u00f3n simple o doble para facilitar la laminaci\u00f3n en uno o ambos lados de la tarjeta (respectivamente).<\/p>\n\n\n\n<p>\u25aa Tener un m\u00f3dulo de laminaci\u00f3n de dos materiales integrado le permite laminar cada uno lado de una tarjeta con dos materiales diferentes si lo desea.<\/p>\n\n\n\n<p>\u25aa Este m\u00e9todo esencialmente l\u00e1mina un lado de la tarjeta con un tipo de laminado, voltea la tarjeta y l\u00e1mina el reverso de la tarjeta con un segundo tipo laminado antes de expulsarlo a la tolva de salida.<\/p>\n\n\n\n<p>\u25aa Tambi\u00e9n tiene la opci\u00f3n de plastificar ambos lados de la tarjeta con el mismo material.<\/p>\n<\/div>\n\n\n\n<div class=\"wp-block-column is-layout-flow wp-block-column-is-layout-flow\" style=\"flex-basis:33.33%\">\n<figure class=\"wp-block-image alignwide size-full\"><img loading=\"lazy\" decoding=\"async\" width=\"677\" height=\"677\" src=\"https:\/\/hid.servitrans.co\/wp-content\/uploads\/2021\/08\/Top-Open-rt-angle-web.png\" alt=\"\" class=\"wp-image-161\"\/><\/figure>\n<\/div>\n<\/div>\n\n\n\n<div class=\"wp-block-columns alignwide is-layout-flex wp-container-core-columns-is-layout-9d6595d7 wp-block-columns-is-layout-flex\">\n<div class=\"wp-block-column is-layout-flow wp-block-column-is-layout-flow\" style=\"flex-basis:33.33%\">\n<figure class=\"wp-block-image alignwide size-full\"><img loading=\"lazy\" decoding=\"async\" width=\"752\" height=\"752\" src=\"https:\/\/hid.servitrans.co\/wp-content\/uploads\/2021\/08\/Straight-On-DTC5500LMX-left-angle-lid-open-web.png\" alt=\"\" class=\"wp-image-106\"\/><\/figure>\n<\/div>\n\n\n\n<div class=\"wp-block-column is-vertically-aligned-center is-layout-flow wp-block-column-is-layout-flow\" style=\"flex-basis:66.66%\">\n<h3 class=\"wp-block-heading\">\u00bfCu\u00e1ndo tiene sentido LMX?<\/h3>\n\n\n\n<p>Con un ligero aumento en el costo del hardware<\/p>\n\n\n\n<h3 class=\"wp-block-heading\">\u00bfCu\u00e1ndo tiene sentido utilizar una soluci\u00f3n de laminaci\u00f3n sin desperdicios?<\/h3>\n\n\n\n<p>Cuando los vol\u00famenes de parches alcanzan o superan los 7.000, la soluci\u00f3n LMX se amortiza y se vuelve cada vez m\u00e1s rentable 11 * Los ahorros adicionales de tiempo y eficiencia energ\u00e9tica no se incluyen en este c\u00e1lculo de ROI<\/p>\n<\/div>\n<\/div>\n\n\n\n<h2 class=\"has-text-align-center wp-block-heading\">Aplicaciones en el Mercado<\/h2>\n\n\n\n<div class=\"wp-block-columns alignwide is-layout-flex wp-container-core-columns-is-layout-9d6595d7 wp-block-columns-is-layout-flex\">\n<div class=\"wp-block-column is-layout-flow wp-block-column-is-layout-flow\">\n<h3 class=\"has-text-align-center wp-block-heading\">Corporativo<\/h3>\n\n\n\n<p class=\"has-text-align-center\">\u2022 Insignias de empleado SMB y Fortune 500<\/p>\n\n\n\n<p class=\"has-text-align-center\">\u2022 Identificaciones de pacientes m\u00e9dicos y cuidadores<\/p>\n<\/div>\n\n\n\n<div class=\"wp-block-column is-layout-flow wp-block-column-is-layout-flow\">\n<h3 class=\"has-text-align-center wp-block-heading\">Educaci\u00f3n<\/h3>\n\n\n\n<p class=\"has-text-align-center\">\u2022 Identificaciones de estudiantes<\/p>\n\n\n\n<p class=\"has-text-align-center\">\u2022 Tarjetas inteligentes del campus<\/p>\n\n\n\n<p class=\"has-text-align-center\">\u2022 Tarjetas de evento<\/p>\n<\/div>\n\n\n\n<div class=\"wp-block-column is-layout-flow wp-block-column-is-layout-flow\">\n<h3 class=\"has-text-align-center wp-block-heading\">Gobierno<\/h3>\n\n\n\n<p class=\"has-text-align-center\">\u2022 Identificaciones nacionales<\/p>\n\n\n\n<p class=\"has-text-align-center\">\u2022 Identificaciones de las fuerzas del orden p\u00fablico y permisos de armas de fuego<\/p>\n\n\n\n<p class=\"has-text-align-center\">\u2022 Identificaciones militares&nbsp;<\/p>\n\n\n\n<p class=\"has-text-align-center\">\u2022 Tarjetas de residencia<\/p>\n<\/div>\n<\/div>\n\n\n\n<div class=\"wp-block-columns alignwide is-layout-flex wp-container-core-columns-is-layout-9d6595d7 wp-block-columns-is-layout-flex\">\n<div class=\"wp-block-column is-layout-flow wp-block-column-is-layout-flow\" style=\"flex-basis:66.66%\">\n<h3 class=\"wp-block-heading\">Puntos de venta clave<\/h3>\n\n\n\n<p>\u00bfQu\u00e9 hace que este producto sea mejor? \u00bfPor qu\u00e9 es importante?<\/p>\n\n\n\n<p>\u25aa Velocidad: la laminaci\u00f3n con tecnolog\u00eda iON \u2122 permite a los usuarios laminar tarjetas en 45 segundos desde el arranque en fr\u00edo, un Reducci\u00f3n del 70% en el tiempo de calentamiento: una primicia en la industria<\/p>\n\n\n\n<p>\u25aa Sin desperdicio: los consumibles LMX eliminan la pel\u00edcula portadora y los n\u00facleos de recogida, que pasan hasta un 40% ahorros en los costos de los consumibles laminados para los consumidores que tienen preocupaciones sobre el costo por tarjeta<\/p>\n\n\n\n<p>\u25aa Todo en uno: La soluci\u00f3n completa de laminaci\u00f3n e impresora integrada en una unidad minimiza el transporte de tarjetas y elimina los elevadores de tarjetas<\/p>\n\n\n\n<p>\u25aa Resistente: desde la placa base de acero hasta la inclusi\u00f3n de asas integradas, el DTC5500LMX fue construido para m\u00e1xima durabilidad, incluso en los entornos m\u00e1s duros<\/p>\n\n\n\n<p>\u25aa Capacidad: los suministros de laminaci\u00f3n est\u00e1ndar se fabrican con 1000 parches por rollo, lo que reduce la necesidad para que los usuarios dediquen tiempo a reemplazar laminados en entornos de gran volumen, lo que podr\u00eda aumentar tiempo y costos de producci\u00f3n<\/p>\n<\/div>\n\n\n\n<div class=\"wp-block-column is-layout-flow wp-block-column-is-layout-flow\" style=\"flex-basis:33.33%\">\n<figure class=\"wp-block-image alignwide size-full\"><img loading=\"lazy\" decoding=\"async\" width=\"800\" height=\"800\" src=\"https:\/\/hid.servitrans.co\/wp-content\/uploads\/2021\/08\/WiFi-led-web.png\" alt=\"\" class=\"wp-image-164\"\/><\/figure>\n<\/div>\n<\/div>\n","protected":false},"excerpt":{"rendered":"<p>La impresora DTC5500LMX de HID Global\u00ae Es una soluci\u00f3n de impresi\u00f3n de tarjetas de identificaci\u00f3n asequible y ecol\u00f3gica que proporciona conexi\u00f3n directa a la tarjeta de alta calidad (DTC\u00ae) y &#8230;<\/p>\n","protected":false},"author":1,"featured_media":0,"parent":0,"menu_order":0,"comment_status":"closed","ping_status":"closed","template":"template-fullwidth.php","meta":{"footnotes":""},"class_list":["post-104","page","type-page","status-publish","hentry"],"_links":{"self":[{"href":"https:\/\/hid.servitrans.co\/index.php\/wp-json\/wp\/v2\/pages\/104","targetHints":{"allow":["GET"]}}],"collection":[{"href":"https:\/\/hid.servitrans.co\/index.php\/wp-json\/wp\/v2\/pages"}],"about":[{"href":"https:\/\/hid.servitrans.co\/index.php\/wp-json\/wp\/v2\/types\/page"}],"author":[{"embeddable":true,"href":"https:\/\/hid.servitrans.co\/index.php\/wp-json\/wp\/v2\/users\/1"}],"replies":[{"embeddable":true,"href":"https:\/\/hid.servitrans.co\/index.php\/wp-json\/wp\/v2\/comments?post=104"}],"version-history":[{"count":12,"href":"https:\/\/hid.servitrans.co\/index.php\/wp-json\/wp\/v2\/pages\/104\/revisions"}],"predecessor-version":[{"id":167,"href":"https:\/\/hid.servitrans.co\/index.php\/wp-json\/wp\/v2\/pages\/104\/revisions\/167"}],"wp:attachment":[{"href":"https:\/\/hid.servitrans.co\/index.php\/wp-json\/wp\/v2\/media?parent=104"}],"curies":[{"name":"wp","href":"https:\/\/api.w.org\/{rel}","templated":true}]}}