{"id":118,"date":"2021-08-23T19:38:16","date_gmt":"2021-08-23T19:38:16","guid":{"rendered":"https:\/\/hid.servitrans.co\/?page_id=118"},"modified":"2021-09-07T19:36:41","modified_gmt":"2021-09-07T19:36:41","slug":"preguntas-frecuentes","status":"publish","type":"page","link":"https:\/\/hid.servitrans.co\/index.php\/preguntas-frecuentes\/","title":{"rendered":"Preguntas Frecuentes"},"content":{"rendered":"\n<div class=\"wp-block-cover alignfull has-background-dim\"><img loading=\"lazy\" decoding=\"async\" width=\"1920\" height=\"1280\" class=\"wp-block-cover__image-background wp-image-119\" alt=\"\" src=\"https:\/\/hid.servitrans.co\/wp-content\/uploads\/2021\/08\/people-1979261_1920-1.jpg\" data-object-fit=\"cover\"\/><div class=\"wp-block-cover__inner-container is-layout-flow wp-block-cover-is-layout-flow\">\n<p class=\"has-text-align-center has-large-font-size\">Preguntas Frecuentes<\/p>\n<\/div><\/div>\n\n\n\n<div style=\"height:37px\" aria-hidden=\"true\" class=\"wp-block-spacer\"><\/div>\n\n\n\n<h2 class=\"has-text-align-center wp-block-heading\"><strong>Acerca del DTC5500LMX<\/strong><\/h2>\n\n\n\n<p><strong>1. \u00bfQu\u00e9 es el HID FARGO DTC5500LMX?<\/strong><\/p>\n\n\n\n<p>El HID FARGO DTC5500LMX de HID Global\u00ae es una soluci\u00f3n de impresi\u00f3n de tarjetas de identificaci\u00f3n asequible y ecol\u00f3gica que proporciona conexi\u00f3n directa a la tarjeta de alta calidad (DTC\u00ae) y cuenta con laminaci\u00f3n sin desperdicios para un costo por tarjeta muy bajo.&nbsp;<\/p>\n\n\n\n<p>Dise\u00f1ado para satisfacer las necesidades de organizaciones conscientes del presupuesto, el DTC5500LMX incluye tolvas de tarjetas dobles est\u00e1ndar y soporte para cinta y laminado a todo color de alta capacidad consumibles: mantener los costos al m\u00ednimo y maximizar la productividad. Para ahorros a\u00fan mayores, el DTC5500LMX incluye impresi\u00f3n a doble cara y laminaci\u00f3n a doble cara como caracter\u00edsticas est\u00e1ndar, lo que elimina el necesita comprar m\u00f3dulos de hardware adicionales. Aprovechando el innovador sistema sin desperdicios de HID Global tecnolog\u00eda de laminaci\u00f3n, el DTC5500LMX puede reducir el costo de los materiales de laminaci\u00f3n de alto volumen hasta 40%.<\/p>\n\n\n\n<p>El DTC5500LMX tambi\u00e9n cuenta con la tecnolog\u00eda iON \u2122 pendiente de patente de HID Global, lo que permite que la unidad alcance la temperatura de funcionamiento \u00f3ptima en s\u00f3lo 45 segundos desde un inactivo en fr\u00edo, lo que agiliza el proceso de impresi\u00f3n.<\/p>\n\n\n\n<p>Esta tecnolog\u00eda tambi\u00e9n mantiene la temperatura de funcionamiento de forma m\u00e1s constante que cualquier laminadora del pasado.<\/p>\n\n\n\n<p>Utilizando componentes met\u00e1licos robustos, la carcasa duradera pero elegante de la unidad garantiza una producci\u00f3n continua, incluso en los entornos de impresi\u00f3n m\u00e1s exigentes.<\/p>\n\n\n\n<p>Construido sobre m\u00e1s de 20 a\u00f1os de experiencia directa en tarjeta HID Global, el DTC5500LMX combina una funcionalidad rica en funciones y que ahorra costos con una confiabilidad probada. M\u00e1s all\u00e1 de su completo conjunto de funciones est\u00e1ndar, el DTC5500LMX ofrece la versatilidad para satisfacer sus necesidades de aplicaci\u00f3n de tarjetas hoy y en el futuro. Para Impresi\u00f3n y codificaci\u00f3n en l\u00ednea en un solo paso, HID Global ofrece m\u00faltiples opciones de codificador actualizables en campo.<\/p>\n\n\n\n<p><strong>2. \u00bfCu\u00e1ndo se comercializ\u00f3 el DTC5500LMX?<\/strong><\/p>\n\n\n\n<p>El DTC5500LMX estuvo disponible comercialmente en marzo de 2016.<\/p>\n\n\n\n<p><strong>3. \u00bfQu\u00e9 es la laminaci\u00f3n sin desperdicios y c\u00f3mo puede beneficiar a mis clientes?<\/strong><\/p>\n\n\n\n<p>Las tecnolog\u00edas de laminaci\u00f3n sin desperdicios tienen como objetivo reducir los desperdicios innecesarios al eliminar la necesidad de una pel\u00edcula de soporte y el n\u00facleo de recogida posterior de la pel\u00edcula portadora, como es est\u00e1ndar en los enfoques tradicionales de laminaci\u00f3n.<\/p>\n\n\n\n<p>Con la laminaci\u00f3n sin desperdicios, los parches sobrelaminados se unen entre s\u00ed en un flujo continuo de material en un solo rollo y sin un soporte subyacente. A medida que cada parche se separa de su rollo de suministros y adherido a una tarjeta, el ciclo de laminaci\u00f3n est\u00e1 completo. Una vez que se ha agotado el rollo de suministro, todos lo que queda es el \u00fanico n\u00facleo vac\u00edo que alguna vez contuvo el material sobrelaminado. Porque no hay pel\u00edcula de soporte o n\u00facleo de recogida, no hay pel\u00edcula de soporte usada ni residuos de n\u00facleo de recogida.<\/p>\n\n\n\n<p>Para aquellas organizaciones que laminan tarjetas e identificaciones en grandes vol\u00famenes, la laminaci\u00f3n sin desperdicios ha demostrado su eficacia. Muy rentable, reduciendo los costos de los consumibles de laminaci\u00f3n hasta en un 40 por ciento. Esto posteriormente resulta en un costo por tarjeta significativamente m\u00e1s bajo. La laminaci\u00f3n sin desperdicios tambi\u00e9n es compatible con el medio ambiente, sostenibilidad e iniciativas verdes. M\u00e1s all\u00e1 de sus atributos de desmaterializaci\u00f3n, el DTC5500LMX tambi\u00e9n ha sido probado de forma independiente y certificado por GreenCircle\u00ae que proporciona un ahorro de energ\u00eda del 69% de energ\u00eda.<\/p>\n\n\n\n<p>Los ahorros se calculan sobre la base de una evaluaci\u00f3n de un producto comparable que se vende actualmente en el mercado.<\/p>\n\n\n\n<p><strong>4. Se describe que el DTC5500LMX tiene un \u201cLaminador de dos materiales\u201d en la lista de precios. Qu\u00e9 \u00bfesto significa?<\/strong><\/p>\n\n\n\n<p>A diferencia de muchas impresoras de tarjetas de identificaci\u00f3n tradicionales, la soluci\u00f3n de laminaci\u00f3n e impresi\u00f3n DTC5500LMX ofrece laminaci\u00f3n de doble cara como caracter\u00edstica est\u00e1ndar incorporada, mientras que las impresoras de tarjetas de identificaci\u00f3n m\u00e1s tradicionales requieren la compra adicional de un m\u00f3dulo de laminaci\u00f3n simple o doble para facilitar la laminaci\u00f3n en uno o ambos lados del tarjeta (respectivamente).<\/p>\n\n\n\n<p>Tener un m\u00f3dulo de laminaci\u00f3n de dos materiales integrado le permite laminar cada lado de una tarjeta con dos diferentes materiales si se desea. Este m\u00e9todo esencialmente lamina un lado de la tarjeta con un laminador, voltea la tarjeta y lamina el reverso de la tarjeta con un segundo tipo laminado antes expulsando a la tolva de salida.<\/p>\n\n\n\n<p><strong>5. \u00bfEl DTC5500LMX se env\u00eda con una gu\u00eda del usuario?<\/strong><\/p>\n\n\n\n<p>No. Se puede acceder a una Gu\u00eda del usuario electr\u00f3nica y al juego de herramientas de software a trav\u00e9s del paquete de controladores. Sin embargo, una Gu\u00eda de inicio r\u00e1pido impresa acompa\u00f1a a la impresora.<\/p>\n\n\n\n<p><strong>6. \u00bfQu\u00e9 elementos se incluyen con el modelo b\u00e1sico de impresora \/ laminadora \/ codificadora?<\/strong><\/p>\n\n\n\n<p>\u2022 Una pr\u00e1ctica gu\u00eda de inicio r\u00e1pido<\/p>\n\n\n\n<p>\u2022 Fuente de alimentaci\u00f3n y cables (EE. UU. Y UE)<\/p>\n\n\n\n<p>\u2022 Ficha \/ tarjeta de informaci\u00f3n de garant\u00eda<\/p>\n\n\n\n<p><strong>7.\u00bfLa impresora DTC5500LMX admite cintas de paneles fluorescentes? No.<\/strong><\/p>\n\n\n\n<p><strong>8.\u00bfHay cintas de medio panel disponibles para el DTC5500LMX?<\/strong><\/p>\n\n\n\n<p>s\u00ed. El DTC5500LMX admite cintas econ\u00f3micas de medio panel.<\/p>\n\n\n\n<p><strong>9. \u00bfCu\u00e1l es la cantidad de parches PolyGuard LMX por rollo?<\/strong><\/p>\n\n\n\n<p>El laminado PolyGuard LMX se vende en rollos de 1000 parches.<\/p>\n\n\n\n<p><strong>10. \u00bfQu\u00e9 tipos de tarjetas recomienda HID para el DTC550LMX?<\/strong><\/p>\n\n\n\n<p>HID Global recomienda nuestro HID FARGO Certified UltraCard \u2122 Premium Composite o HID FARGO<\/p>\n\n\n\n<p>Tarjetas de policarbonato UltraCard certificadas tanto para aplicaciones no tecnol\u00f3gicas como para aquellas que requieren tecnolog\u00eda integrada, como Seos \u2122, iCLASS\u00ae o Prox.<\/p>\n\n\n\n<p>HID Global recomienda el uso de tarjetas que sean de un compuesto de PVC \/ PET o de policarbonato construcci\u00f3n, ya que estos tipos de tarjetas son intr\u00ednsecamente m\u00e1s duraderos y tienden a extender la vida \u00fatil de la tarjeta.<\/p>\n\n\n\n<p>Las tarjetas compuestas de PVC \/ PET y \/ o policarbonato tambi\u00e9n brindan una mejor experiencia de usuario durante la impresi\u00f3n.Proceso debido a la mayor resistencia al calor que ofrecen estas tarjetas. Por el contrario, las tarjetas de PVC est\u00e1ndar no son recomendado para aquellas aplicaciones que utilizar\u00e1n laminaci\u00f3n debido al riesgo de deformaci\u00f3n de la tarjeta (como resultado de la exposici\u00f3n al calor de los rodillos de laminaci\u00f3n).<\/p>\n\n\n\n<h2 class=\"has-text-align-center wp-block-heading\"><strong>Caracter\u00edsticas del DTC5500LMX<\/strong><\/h2>\n\n\n\n<p><strong>11.\u00bfQu\u00e9 nuevas funciones est\u00e1n disponibles con el nuevo FARGO DTC5500LMX de HID Global? impresora \/ laminadora \/ codificadora?<\/strong><\/p>\n\n\n\n<p>\u2022 Laminaci\u00f3n sin desperdicios<\/p>\n\n\n\n<p> \u2022  Sin pel\u00edcula de soporte ni desperdicio de n\u00facleo de recogida<\/p>\n\n\n\n<p> \u2022  Laminaci\u00f3n de bajo costo por tarjeta: la tecnolog\u00eda avanzada de laminaci\u00f3n sin desperdicios da como resultado costo por tarjeta, ya que puede reducir sustancialmente los costos de materiales laminados de alto volumen en una tanto como 40%<\/p>\n\n\n\n<p>\u2022 La tecnolog\u00eda iON \u2122 (calentamiento r\u00e1pido de laminaci\u00f3n \u201cInstant On\u201d en 45 segundos o menos) significa que no m\u00e1s esperando esa primera carta.<\/p>\n\n\n\n<p>\u2022 Control de temperatura inteligente<\/p>\n\n\n\n<p>\u2022 La unidad de laminaci\u00f3n se calienta r\u00e1pidamente y mantiene una temperatura de funcionamiento \u00f3ptima mientras simult\u00e1neamente conservando energ\u00eda<\/p>\n\n\n\n<p>\u2022 Certificaci\u00f3n GreenCircle<\/p>\n\n\n\n<p>\u2022 Cada unidad es capaz de laminaci\u00f3n de doble cara<\/p>\n\n\n\n<p>\u2022 La impresi\u00f3n DTC a doble cara es est\u00e1ndar<\/p>\n\n\n\n<p>\u2022 Cajones de cinta recargables de gran capacidad<\/p>\n\n\n\n<p>\u2022 Tolva de tarjetas de doble entrada (est\u00e1ndar)<\/p>\n\n\n\n<p>\u2022 Est\u00e9tica elegante pero robusta con el uso de metal y pl\u00e1stico<\/p>\n\n\n\n<p>\u2022 Dise\u00f1o modular para crecer con las necesidades futuras (compatible con WiFi\u00ae y compatible con la tecnolog\u00eda codificadores como iCLASS\u00ae SE, OMNIKEY\u00ae y Smart Chip Contact Station) Adem\u00e1s, como todas las impresoras FARGO DTC y HDP\u00ae actuales, la DTC5500LMX incluye nuestra Software FARGO Workbench \u2122 y utilidad de diagn\u00f3stico para el mantenimiento de la impresora con coincidencia de colores directos Color Assist \u2122&nbsp;<\/p>\n\n\n\n<p><strong>12. \u00bfTiene la impresora una tolva de rechazo?<\/strong> s\u00ed. El DTC5500LMX tiene una tolva de rechazo de 100 tarjetas.<\/p>\n\n\n\n<p><strong>13. \u00bfQu\u00e9 es una tolva de tarjetas de doble entrada y para qu\u00e9 se utiliza?<\/strong><\/p>\n\n\n\n<p>La tolva de tarjetas de entrada doble DTC5500LMX es id\u00e9ntica a la que est\u00e1 disponible con el DTC4500e. El El prop\u00f3sito de una tolva de tarjetas de entrada dual es administrar dos tipos de tarjetas diferentes sin tener que f\u00edsicamente cambiar tolvas. Esto es ideal para aplicaciones que utilizan tipos de tarjetas separados de forma intermitente, como un impresi\u00f3n de credenciales para empleados versus impresi\u00f3n para contratistas o visitantes. Como beneficio adicional, el La tolva de tarjetas de entrada doble DTC5500LMX viene de serie con su impresora y tiene una capacidad para 200 tarjetas lo que lo hace ideal para escenarios de mayor volumen.<\/p>\n\n\n\n<p><strong>14.\u00bfQu\u00e9 opciones est\u00e1n disponibles y deben solicitarse en el momento de la compra de la unidad base?<\/strong>&nbsp;<\/p>\n\n\n\n<p>Cerraduras f\u00edsicas, mec\u00e1nicas para acceso a tarjetas y consumibles.<\/p>\n\n\n\n<p><strong>15.\u00bfCu\u00e1les son las opciones actualizables solo de f\u00e1brica para el DTC5500LMX?<\/strong> (opciones que deben solicitarse en el momento de la compra de la unidad base) <\/p>\n\n\n\n<p>Las siguientes funciones son opciones actualizables solo de f\u00e1brica y deben seleccionarse con su impresora inicial orden.<\/p>\n\n\n\n<p>\u2022 Cerraduras de hardware f\u00edsicas y mec\u00e1nicas para tolvas de entrada \/ salida, caj\u00f3n de cinta, bandeja de rechazo y tapa laminada<\/p>\n\n\n\n<p>\u2022 Luz de estado de producci\u00f3n de Andon<\/p>\n\n\n\n<p><strong>16. \u00bfCu\u00e1les son las opciones actualizables en campo para el DTC5500LMX?<\/strong><\/p>\n\n\n\n<p>Las siguientes funciones son opciones actualizables en campo y se pueden incorporar a la impresora en cualquier momento.<\/p>\n\n\n\n<p>\u2022 Accesorio WiFi\u00ae<\/p>\n\n\n\n<p>\u2022 Codificadores de banda magn\u00e9tica<\/p>\n\n\n\n<p>\u2022 Codificador de tarjeta inteligente de contacto<\/p>\n\n\n\n<p>\u2022 Codificador de tarjetas inteligentes sin contacto<\/p>\n\n\n\n<h2 class=\"has-text-align-center wp-block-heading\"><strong>Principales ventajas sobre las impresoras laminadoras DTC de la competencia<\/strong><\/h2>\n\n\n\n<p><strong>17. \u00bfCu\u00e1les son las principales ventajas de la DTC5500LMX sobre las impresoras laminadoras DTC de la competencia?<\/strong><\/p>\n\n\n\n<p>Las principales ventajas de la DTC5500LMX sobre las impresoras de laminaci\u00f3n DTC de la competencia incluyen:<\/p>\n\n\n\n<p>\u2022 Laminaci\u00f3n sin desperdicios que ahorra costos<\/p>\n\n\n\n<p>\u2022 Calentamiento r\u00e1pido del m\u00f3dulo de laminaci\u00f3n<\/p>\n\n\n\n<p>\u2022 Control de temperatura inteligente<\/p>\n\n\n\n<p>\u2022 Atributos de conservaci\u00f3n de energ\u00eda (certificado GreenCircle)<\/p>\n\n\n\n<p>Para una comparaci\u00f3n competitiva completa, consulte los siguientes documentos que se encuentran con el HID<\/p>\n\n\n\n<p>FARGO DTC5500LMX Resource Kit en el sitio web de Partner Community:<\/p>\n\n\n\n<p>\u2022 Tarjeta de batalla competitiva HID FARGO DTC5500LMX<\/p>\n\n\n\n<p>\u2022 Matriz competitiva de impresoras laminadoras de nivel avanzado<\/p>\n\n\n\n<div style=\"height:37px\" aria-hidden=\"true\" class=\"wp-block-spacer\"><\/div>\n\n\n\n<p><\/p>\n","protected":false},"excerpt":{"rendered":"<p>Acerca del DTC5500LMX 1. \u00bfQu\u00e9 es el HID FARGO DTC5500LMX? El HID FARGO DTC5500LMX de HID Global\u00ae es una soluci\u00f3n de impresi\u00f3n de tarjetas de identificaci\u00f3n asequible y ecol\u00f3gica que &#8230;<\/p>\n","protected":false},"author":1,"featured_media":0,"parent":0,"menu_order":0,"comment_status":"closed","ping_status":"closed","template":"","meta":{"footnotes":""},"class_list":["post-118","page","type-page","status-publish","hentry"],"_links":{"self":[{"href":"https:\/\/hid.servitrans.co\/index.php\/wp-json\/wp\/v2\/pages\/118","targetHints":{"allow":["GET"]}}],"collection":[{"href":"https:\/\/hid.servitrans.co\/index.php\/wp-json\/wp\/v2\/pages"}],"about":[{"href":"https:\/\/hid.servitrans.co\/index.php\/wp-json\/wp\/v2\/types\/page"}],"author":[{"embeddable":true,"href":"https:\/\/hid.servitrans.co\/index.php\/wp-json\/wp\/v2\/users\/1"}],"replies":[{"embeddable":true,"href":"https:\/\/hid.servitrans.co\/index.php\/wp-json\/wp\/v2\/comments?post=118"}],"version-history":[{"count":4,"href":"https:\/\/hid.servitrans.co\/index.php\/wp-json\/wp\/v2\/pages\/118\/revisions"}],"predecessor-version":[{"id":199,"href":"https:\/\/hid.servitrans.co\/index.php\/wp-json\/wp\/v2\/pages\/118\/revisions\/199"}],"wp:attachment":[{"href":"https:\/\/hid.servitrans.co\/index.php\/wp-json\/wp\/v2\/media?parent=118"}],"curies":[{"name":"wp","href":"https:\/\/api.w.org\/{rel}","templated":true}]}}