{"id":7,"date":"2021-08-05T20:31:23","date_gmt":"2021-08-05T20:31:23","guid":{"rendered":"https:\/\/hid.servitrans.co\/?page_id=7"},"modified":"2021-09-10T19:29:38","modified_gmt":"2021-09-10T19:29:38","slug":"inicio","status":"publish","type":"page","link":"https:\/\/hid.servitrans.co\/","title":{"rendered":"Inicio"},"content":{"rendered":"\n<div class=\"wp-block-cover alignfull has-background-dim-30 has-background-dim\" style=\"min-height:533px;aspect-ratio:unset;\"><img loading=\"lazy\" decoding=\"async\" width=\"1920\" height=\"1080\" class=\"wp-block-cover__image-background wp-image-8\" alt=\"\" src=\"https:\/\/hid.servitrans.co\/wp-content\/uploads\/2021\/08\/foto-portada-Servitraans-HID.jpg\" data-object-fit=\"cover\"\/><div class=\"wp-block-cover__inner-container is-layout-flow wp-block-cover-is-layout-flow\">\n<div class=\"wp-block-columns is-layout-flex wp-container-core-columns-is-layout-9d6595d7 wp-block-columns-is-layout-flex\">\n<div class=\"wp-block-column is-layout-flow wp-block-column-is-layout-flow\" style=\"flex-basis:100%\">\n<div class=\"wp-block-columns are-vertically-aligned-center is-layout-flex wp-container-core-columns-is-layout-9d6595d7 wp-block-columns-is-layout-flex\">\n<div class=\"wp-block-column is-layout-flow wp-block-column-is-layout-flow\" style=\"flex-basis:50px\"><\/div>\n\n\n\n<div class=\"wp-block-column is-vertically-aligned-center is-layout-flow wp-block-column-is-layout-flow\">\n<figure class=\"wp-block-image size-full is-resized\"><img loading=\"lazy\" decoding=\"async\" src=\"https:\/\/hid.servitrans.co\/wp-content\/uploads\/2021\/08\/Logo-Servitrans-HID-blanco-PNG.png\" alt=\"\" class=\"wp-image-102\" width=\"300\" height=\"87\"\/><\/figure>\n\n\n\n<h1 class=\"wp-block-heading\">LA MEJOR IDENTIFICACI\u00d3N PARA SU NEGOCIO<\/h1>\n\n\n\n<p>Desde tarjetas de membres\u00eda, accesos de colaboradores, credenciales, tarjetas de identificaci\u00f3n estudiantiles, con impresi\u00f3n de alta calidad y seguridad. Impresoras HID y consumibles para la identificaci\u00f3n de tu negocio.<\/p>\n<\/div>\n\n\n\n<div class=\"wp-block-column is-layout-flow wp-block-column-is-layout-flow\" style=\"flex-basis:20px\"><\/div>\n\n\n\n<div class=\"wp-block-column is-layout-flow wp-block-column-is-layout-flow\"><\/div>\n<\/div>\n<\/div>\n<\/div>\n<\/div><\/div>\n\n\n\n<div style=\"height:52px\" aria-hidden=\"true\" class=\"wp-block-spacer\"><\/div>\n\n\n\n<h2 class=\"has-text-align-center wp-block-heading\">Productos y Servicios<\/h2>\n\n\n\n<hr class=\"wp-block-separator has-text-color has-background is-style-default\" style=\"background-color:#a23131;color:#a23131\"\/>\n\n\n\n<div class=\"wp-block-columns is-layout-flex wp-container-core-columns-is-layout-9d6595d7 wp-block-columns-is-layout-flex\">\n<div class=\"wp-block-column is-layout-flow wp-block-column-is-layout-flow\">\n<figure class=\"wp-block-image alignwide size-full\"><img loading=\"lazy\" decoding=\"async\" width=\"564\" height=\"377\" src=\"https:\/\/hid.servitrans.co\/wp-content\/uploads\/2021\/09\/Landing-Impresoras-Servitrans-1.jpg\" alt=\"\" class=\"wp-image-208\"\/><\/figure>\n\n\n\n<h2 class=\"has-text-align-center wp-block-heading\"><a href=\"https:\/\/hid.servitrans.co\/index.php\/impresoras\/\" data-type=\"page\" data-id=\"104\">Impresoras<\/a><\/h2>\n\n\n\n<p class=\"has-text-align-center\">Impresoras de alta calidad para la identificaci\u00f3n de tu negocio<\/p>\n<\/div>\n\n\n\n<div class=\"wp-block-column is-layout-flow wp-block-column-is-layout-flow\">\n<figure class=\"wp-block-image alignwide size-full\"><img loading=\"lazy\" decoding=\"async\" width=\"564\" height=\"377\" src=\"https:\/\/hid.servitrans.co\/wp-content\/uploads\/2021\/09\/Landing-Tarjetas-de-indentificacion-Servitrans-1.jpg\" alt=\"\" class=\"wp-image-209\"\/><\/figure>\n\n\n\n<h2 class=\"has-text-align-center wp-block-heading\"> <a href=\"https:\/\/hid.servitrans.co\/index.php\/tarjetas-de-identificacion\/\" data-type=\"page\" data-id=\"171\">Tarjeta de Identificaci\u00f3n<\/a><\/h2>\n\n\n\n<p class=\"has-text-align-center\">Servicio de impresi\u00f3n para tarjetas de identificaci\u00f3n<\/p>\n<\/div>\n\n\n\n<div class=\"wp-block-column is-layout-flow wp-block-column-is-layout-flow\">\n<figure class=\"wp-block-image alignwide size-full\"><img loading=\"lazy\" decoding=\"async\" width=\"564\" height=\"377\" src=\"https:\/\/hid.servitrans.co\/wp-content\/uploads\/2021\/09\/Landing-Preguntas-frecuentes-Servitrans-1.jpg\" alt=\"\" class=\"wp-image-210\"\/><\/figure>\n\n\n\n<h2 class=\"has-text-align-center wp-block-heading\"><a href=\"https:\/\/hid.servitrans.co\/index.php\/preguntas-frecuentes\/\" data-type=\"page\" data-id=\"118\">Preguntas Frecuentes<\/a><\/h2>\n\n\n\n<p class=\"has-text-align-center\">Brindamos soporte y atenci\u00f3n a nuestros clientes y aliados de nuestros productos y servicios<\/p>\n<\/div>\n<\/div>\n\n\n\n<div style=\"height:52px\" aria-hidden=\"true\" class=\"wp-block-spacer\"><\/div>\n\n\n\n<h2 class=\"has-text-align-center wp-block-heading\">Caracter\u00edsticas<\/h2>\n\n\n\n<hr class=\"wp-block-separator has-text-color has-background is-style-default\" style=\"background-color:#a23131;color:#a23131\"\/>\n\n\n\n<div class=\"wp-block-columns alignwide is-layout-flex wp-container-core-columns-is-layout-9d6595d7 wp-block-columns-is-layout-flex\">\n<div class=\"wp-block-column is-vertically-aligned-center is-layout-flow wp-block-column-is-layout-flow\" style=\"flex-basis:33.33%\">\n<figure class=\"wp-block-image alignwide size-full\"><img loading=\"lazy\" decoding=\"async\" width=\"588\" height=\"427\" src=\"https:\/\/hid.servitrans.co\/wp-content\/uploads\/2021\/09\/Sobre-Servitrans-1.jpg\" alt=\"\" class=\"wp-image-212\"\/><\/figure>\n<\/div>\n\n\n\n<div class=\"wp-block-column is-vertically-aligned-center is-layout-flow wp-block-column-is-layout-flow\" style=\"flex-basis:66.66%\">\n<h2 class=\"wp-block-heading\">Servitrans, Aliado HID Global<\/h2>\n\n\n\n<p>Servitrans es el distribuidor autorizado en Colombia de HID Global, multinacional l\u00edder en soluciones de identificaci\u00f3n confiable de personas, lugares y objetos alrededor del mundo.<\/p>\n\n\n\n<p>Servitrans, se encarga de proporcionar impresoras, consumibles y soporte t\u00e9cnico a las diferentes empresas a nivel nacional que adquieran cualquiera de los productos HID autorizados para la impresi\u00f3n de Tarjetas de Identificaci\u00f3n de todo tipo.&nbsp;<\/p>\n\n\n\n<p>Ya sea que su empresa sea de Peque\u00f1a y mediana industria o cuente con alta rotaci\u00f3n de colaboradores, servitrans le proporcionar\u00e1 una soluci\u00f3n para la identificaci\u00f3n de su empresa o instituci\u00f3n.&nbsp;<\/p>\n\n\n\n<p>Para saber mas sobre nuestra empresa y los productos y servicios que manejamos puedes ingresar a <a href=\"https:\/\/servitrans.co\/personas\/productos\/impresoras_y_consumibles\">https:\/\/servitrans.co\/personas\/productos\/impresoras_y_consumibles<\/a>&nbsp;<\/p>\n\n\n\n<p>llenando el formulario un asesor se pondr\u00e1 en contacto con usted para resolver cualquier duda o requerimiento acerca de los productos y servicios HID GLOBAL<\/p>\n<\/div>\n<\/div>\n\n\n\n<div class=\"wp-block-columns alignwide is-layout-flex wp-container-core-columns-is-layout-9d6595d7 wp-block-columns-is-layout-flex\">\n<div class=\"wp-block-column is-vertically-aligned-center is-layout-flow wp-block-column-is-layout-flow\" style=\"flex-basis:66.66%\">\n<h2 class=\"wp-block-heading\">Sobre HID Global<\/h2>\n\n\n\n<p>HID Global es un l\u00edder de confianza en soluciones que ofrecen identidad segura a millones de clientes de todo el mundo. Reconocido por la s\u00f3lida calidad, los dise\u00f1os innovadores y el liderazgo dentro de la industria, HID Global es el proveedor elegido de fabricantes OEM, integradores de sistemas y programadores de aplicaciones que sirven a distintos sectores, como el control del acceso f\u00edsico y l\u00f3gico, la personalizaci\u00f3n de tarjetas, el gobierno electr\u00f3nico, el pago sin efectivo e industria y la log\u00edstica.<\/p>\n\n\n\n<p>Uno de nuestros objetivos es alcanzar la &#8220;excelencia como empresa&#8221;. Una de las principales formas de lograrlo consiste en aumentar las inversiones que hacemos en nuestros empleados. Por ese motivo, HID decidi\u00f3 elevar la cantidad m\u00ednima de horas exigidas para la capacitaci\u00f3n en desarrollo profesional de 24 a 40 por a\u00f1o por empleado. Las actividades y la capacitaci\u00f3n para el desarrollo profesional tienen por objeto mejorar la capacidad de los empleados a fin de incrementar su desempe\u00f1o laboral y ayudarlos a prepararse para avanzar en sus carreras.<\/p>\n\n\n\n<p>HID Global es la fuente confiable de productos, servicios, soluciones y conocimiento pr\u00e1ctico relacionados con la creaci\u00f3n, gesti\u00f3n y uso de identidades seguras para millones de clientes por todo el mundo. Los mercados a los que la compa\u00f1\u00eda brinda servicio incluyen el control de acceso f\u00edsico y l\u00f3gico, incluyendo la autenticaci\u00f3n s\u00f3lida y gesti\u00f3n de credenciales; impresi\u00f3n y personalizaci\u00f3n de tarjetas; sistemas de gesti\u00f3n de visitantes; ID gubernamental y ciudadana de alta seguridad; y tecnolog\u00edas de identificaci\u00f3n RFID utilizadas en la ID de animales y aplicaciones de log\u00edstica y la industria.&nbsp;<\/p>\n<\/div>\n\n\n\n<div class=\"wp-block-column is-vertically-aligned-center is-layout-flow wp-block-column-is-layout-flow\" style=\"flex-basis:33.33%\">\n<figure class=\"wp-block-image alignwide size-full\"><img loading=\"lazy\" decoding=\"async\" width=\"588\" height=\"427\" src=\"https:\/\/hid.servitrans.co\/wp-content\/uploads\/2021\/09\/Sobre-HID-1.jpg\" alt=\"\" class=\"wp-image-213\"\/><\/figure>\n<\/div>\n<\/div>\n\n\n\n<div class=\"wp-block-columns alignwide is-layout-flex wp-container-core-columns-is-layout-9d6595d7 wp-block-columns-is-layout-flex\">\n<div class=\"wp-block-column is-layout-flow wp-block-column-is-layout-flow\">\n<h2 class=\"has-text-align-center wp-block-heading\"> Soporte <\/h2>\n\n\n\n<p class=\"has-text-align-center\"> \u00bfC\u00f3mo puedo ponerme en contacto con el soporte t\u00e9cnico global de SERVITRANS &#8211; HID? Para que un equipo de Soporte t\u00e9cnico se contacte con usted, visite nuestro sitio web en: <a href=\"https:\/\/servitrans.co\/personas\/productos\/impresoras_y_consumibles\">https:\/\/servitrans.co\/personas\/productos\/impresoras_y_consumibles<\/a> Llenando el formulario con las indicaciones del soporte requerido. <\/p>\n<\/div>\n<\/div>\n\n\n\n<div class=\"wp-block-columns alignwide is-layout-flex wp-container-core-columns-is-layout-9d6595d7 wp-block-columns-is-layout-flex\">\n<div class=\"wp-block-column is-layout-flow wp-block-column-is-layout-flow\">\n<figure class=\"wp-block-embed is-type-video is-provider-youtube wp-block-embed-youtube wp-embed-aspect-16-9 wp-has-aspect-ratio\"><div class=\"wp-block-embed__wrapper\">\n<iframe loading=\"lazy\" title=\"\u00bfC\u00f3mo instalar el laminador en el interior de la impresora Fargo DTC5500LMX?\" width=\"800\" height=\"450\" src=\"https:\/\/www.youtube.com\/embed\/fmahiHAkXYw?feature=oembed\" frameborder=\"0\" allow=\"accelerometer; autoplay; clipboard-write; encrypted-media; gyroscope; picture-in-picture\" allowfullscreen><\/iframe>\n<\/div><\/figure>\n<\/div>\n\n\n\n<div class=\"wp-block-column is-vertically-aligned-center is-layout-flow wp-block-column-is-layout-flow\">\n<h3 class=\"wp-block-heading\">  instalar el laminador en el interior de la impresora Fargo DTC5500LMX? <\/h3>\n<\/div>\n<\/div>\n\n\n\n<div class=\"wp-block-columns alignwide is-layout-flex wp-container-core-columns-is-layout-9d6595d7 wp-block-columns-is-layout-flex\">\n<div class=\"wp-block-column is-vertically-aligned-center is-layout-flow wp-block-column-is-layout-flow\">\n<h3 class=\"wp-block-heading\"> \u00bfC\u00f3mo limpiar el laminador de la impresora Fargo DTC5500LMX? <\/h3>\n<\/div>\n\n\n\n<div class=\"wp-block-column is-layout-flow wp-block-column-is-layout-flow\">\n<figure class=\"wp-block-embed is-type-video is-provider-youtube wp-block-embed-youtube wp-embed-aspect-16-9 wp-has-aspect-ratio\"><div class=\"wp-block-embed__wrapper\">\n<iframe loading=\"lazy\" title=\"\u00bfC\u00f3mo limpiar el laminador de la impresora Fargo DTC5500LMX?\" width=\"800\" height=\"450\" src=\"https:\/\/www.youtube.com\/embed\/PPY0PHGSTEA?feature=oembed\" frameborder=\"0\" allow=\"accelerometer; autoplay; clipboard-write; encrypted-media; gyroscope; picture-in-picture\" allowfullscreen><\/iframe>\n<\/div><\/figure>\n<\/div>\n<\/div>\n\n\n\n<div style=\"height:52px\" aria-hidden=\"true\" class=\"wp-block-spacer\"><\/div>\n\n\n\n<h2 class=\"has-text-align-center wp-block-heading\">Contacto<\/h2>\n\n\n\n<hr class=\"wp-block-separator has-text-color has-background is-style-default\" style=\"background-color:#a23131;color:#a23131\"\/>\n\n\n\n<div class=\"wp-block-columns is-layout-flex wp-container-core-columns-is-layout-9d6595d7 wp-block-columns-is-layout-flex\">\n<div class=\"wp-block-column is-vertically-aligned-center is-layout-flow wp-block-column-is-layout-flow\">\n<h4 class=\"has-text-align-center wp-block-heading\"><a href=\"https:\/\/goo.gl\/maps\/oNNAR7bFsFDQ2Xng8\" target=\"_blank\" rel=\"noreferrer noopener\">Bogota, Colombia Paralela Autopista Norte N\u00b0 106-25<\/a><\/h4>\n\n\n\n<p class=\"has-text-align-center has-text-color\" style=\"color:#a23131\">+57 (1) 7449564<\/p>\n\n\n\n<h4 class=\"has-text-align-center wp-block-heading\"><a href=\"https:\/\/goo.gl\/maps\/sWtqSVJZJgMbgFX96\" target=\"_blank\" rel=\"noreferrer noopener\">Medell\u00edn, Colombia C.C Automotriz Cra 43 \u00aa N\u00b0. 19A-87 Local 95<\/a><\/h4>\n\n\n\n<p class=\"has-text-align-center has-text-color\" style=\"color:#a23131\"><a>contacto@servitrans.com<\/a><\/p>\n\n\n\n<p class=\"has-text-align-center\"><strong>Lunes a Viernes \u2013 08:00-19:00<\/strong><\/p>\n\n\n\n<div class=\"wp-block-columns is-layout-flex wp-container-core-columns-is-layout-9d6595d7 wp-block-columns-is-layout-flex\">\n<div class=\"wp-block-column is-vertically-aligned-center is-layout-flow wp-block-column-is-layout-flow\">\n<div class=\"wp-block-image\"><figure class=\"aligncenter size-full is-resized\"><a href=\"https:\/\/www.facebook.com\/ServitransCOL\/\" target=\"_blank\" rel=\"noopener\"><img loading=\"lazy\" decoding=\"async\" src=\"https:\/\/comercial.servitrans.co\/wp-content\/uploads\/2021\/08\/facebook-icones.png\" alt=\"\" class=\"wp-image-139\" width=\"36\" height=\"36\"\/><\/a><\/figure><\/div>\n<\/div>\n\n\n\n<div class=\"wp-block-column is-vertically-aligned-center is-layout-flow wp-block-column-is-layout-flow\">\n<div class=\"wp-block-image\"><figure class=\"aligncenter size-large is-resized\"><a href=\"https:\/\/www.youtube.com\/channel\/UCdJne8WRKji6q7bfnSuU4Yg\" target=\"_blank\" rel=\"noopener\"><img loading=\"lazy\" decoding=\"async\" src=\"https:\/\/comercial.servitrans.co\/wp-content\/uploads\/2021\/09\/youtube-logo-6-2-1024x715.png\" alt=\"\" class=\"wp-image-151\" width=\"35\" height=\"24\"\/><\/a><\/figure><\/div>\n<\/div>\n\n\n\n<div class=\"wp-block-column is-vertically-aligned-center is-layout-flow wp-block-column-is-layout-flow\">\n<div class=\"wp-block-image\"><figure class=\"aligncenter size-full is-resized\"><a href=\"https:\/\/www.instagram.com\/servitranscol\/\" target=\"_blank\" rel=\"noopener\"><img loading=\"lazy\" decoding=\"async\" src=\"https:\/\/comercial.servitrans.co\/wp-content\/uploads\/2021\/08\/3b21c7efd2ba9c119fb8d361acacc31d.png\" alt=\"\" class=\"wp-image-140\" width=\"39\" height=\"39\"\/><\/a><\/figure><\/div>\n<\/div>\n\n\n\n<div class=\"wp-block-column is-vertically-aligned-center is-layout-flow wp-block-column-is-layout-flow\">\n<div class=\"wp-block-image\"><figure class=\"aligncenter size-full is-resized\"><a href=\"https:\/\/twitter.com\/ServitransCOL\" target=\"_blank\" rel=\"noopener\"><img loading=\"lazy\" decoding=\"async\" src=\"https:\/\/comercial.servitrans.co\/wp-content\/uploads\/2021\/08\/twitter-squared.png\" alt=\"\" class=\"wp-image-141\" width=\"44\" height=\"44\"\/><\/a><\/figure><\/div>\n<\/div>\n<\/div>\n\n\n\n<p><\/p>\n<\/div>\n\n\n\n<div class=\"wp-block-column is-layout-flow wp-block-column-is-layout-flow\">\n<div class=\"wpcf7 no-js\" id=\"wpcf7-f64-o1\" lang=\"es-CO\" dir=\"ltr\" data-wpcf7-id=\"64\">\n<div class=\"screen-reader-response\"><p role=\"status\" aria-live=\"polite\" aria-atomic=\"true\"><\/p> <ul><\/ul><\/div>\n<form action=\"\/index.php\/wp-json\/wp\/v2\/pages\/7#wpcf7-f64-o1\" method=\"post\" class=\"wpcf7-form init\" aria-label=\"Contact form\" novalidate=\"novalidate\" data-status=\"init\">\n<div style=\"display: none;\">\n<input type=\"hidden\" name=\"_wpcf7\" value=\"64\" \/>\n<input type=\"hidden\" name=\"_wpcf7_version\" value=\"6.0.6\" \/>\n<input type=\"hidden\" name=\"_wpcf7_locale\" value=\"es_CO\" \/>\n<input type=\"hidden\" name=\"_wpcf7_unit_tag\" value=\"wpcf7-f64-o1\" \/>\n<input type=\"hidden\" name=\"_wpcf7_container_post\" value=\"0\" \/>\n<input type=\"hidden\" name=\"_wpcf7_posted_data_hash\" value=\"\" \/>\n<\/div>\n<p><label> Nombre<br \/>\n<span class=\"wpcf7-form-control-wrap\" data-name=\"your-name\"><input size=\"40\" maxlength=\"400\" class=\"wpcf7-form-control wpcf7-text wpcf7-validates-as-required\" aria-required=\"true\" aria-invalid=\"false\" value=\"\" type=\"text\" name=\"your-name\" \/><\/span> <\/label>\n<\/p>\n<p><label> Correo<br \/>\n<span class=\"wpcf7-form-control-wrap\" data-name=\"your-email\"><input size=\"40\" maxlength=\"400\" class=\"wpcf7-form-control wpcf7-email wpcf7-validates-as-required wpcf7-text wpcf7-validates-as-email\" aria-required=\"true\" aria-invalid=\"false\" value=\"\" type=\"email\" name=\"your-email\" \/><\/span> <\/label>\n<\/p>\n<p><label> Telefono <span class=\"wpcf7-form-control-wrap\" data-name=\"tel-675\"><input size=\"40\" maxlength=\"400\" class=\"wpcf7-form-control wpcf7-tel wpcf7-text wpcf7-validates-as-tel\" aria-invalid=\"false\" value=\"\" type=\"tel\" name=\"tel-675\" \/><\/span> <\/label>\n<\/p>\n<p><label> Mensaje<br \/>\n<span class=\"wpcf7-form-control-wrap\" data-name=\"your-message\"><textarea cols=\"40\" rows=\"10\" maxlength=\"2000\" class=\"wpcf7-form-control wpcf7-textarea\" aria-invalid=\"false\" name=\"your-message\"><\/textarea><\/span> <\/label>\n<\/p>\n<p><input class=\"wpcf7-form-control wpcf7-submit has-spinner\" type=\"submit\" value=\"Submit\" \/>\n<\/p><div class=\"wpcf7-response-output\" aria-hidden=\"true\"><\/div>\n<\/form>\n<\/div>\n\n<\/div>\n\n\n\n<div class=\"wp-block-column is-layout-flow wp-block-column-is-layout-flow\"><div id=\"wpgmza_map\" class=\"wpgmza_map\" data-settings='{\"id\":\"1\",\"map_title\":\"New Map\",\"map_width\":\"100\",\"map_height\":\"400\",\"map_start_lat\":\"4.653332599999999\",\"map_start_lng\":\"-74.083652\",\"map_start_location\":\"45.950464398418106,-109.81550500000003\",\"map_start_zoom\":\"4\",\"default_marker\":\"\",\"type\":\"0\",\"alignment\":\"4\",\"directions_enabled\":\"0\",\"styling_enabled\":\"0\",\"styling_json\":\"\",\"active\":\"0\",\"kml\":\"\",\"bicycle\":\"0\",\"traffic\":\"0\",\"dbox\":\"0\",\"dbox_width\":\"\",\"listmarkers\":\"0\",\"listmarkers_advanced\":\"0\",\"filterbycat\":\"0\",\"ugm_enabled\":\"0\",\"ugm_category_enabled\":\"0\",\"fusion\":\"\",\"map_width_type\":\"%\",\"map_height_type\":\"px\",\"mass_marker_support\":\"0\",\"ugm_access\":\"0\",\"order_markers_by\":\"0\",\"order_markers_choice\":\"0\",\"show_user_location\":\"0\",\"default_to\":\"\",\"other_settings\":{\"map_type\":1,\"sl_stroke_color\":\"\",\"sl_fill_color\":\"\",\"sl_stroke_opacity\":\"\",\"sl_fill_opacity\":\"\",\"transport_layer\":false,\"action\":\"wpgmza_save_map\",\"redirect_to\":\"\\\/wp-admin\\\/admin-post.php\",\"map_id\":\"1\",\"http_referer\":\"\\\/wp-admin\\\/admin.php?page=wp-google-maps-menu&amp;amp;action=edit&amp;amp;map_id=1\",\"wpgmza_id\":\"1\",\"wpgmza_start_location\":\"4.653332599999999,-74.083652\",\"wpgmza_start_zoom\":\"4\",\"store_locator_enabled\":false,\"store_locator_search_area\":\"radial\",\"wpgmza_store_locator_radius_style\":\"legacy\",\"wpgmza_store_locator_default_radius\":\"10\",\"store_locator_auto_area_max_zoom\":\"\",\"store_locator_distance\":false,\"wpgmza_store_locator_position\":false,\"store_locator_show_distance\":false,\"store_locator_category\":false,\"wpgmza_store_locator_use_their_location\":false,\"wpgmza_store_locator_bounce\":false,\"wpgmza_sl_animation\":null,\"wpgmza_store_locator_hide_before_search\":false,\"store_locator_query_string\":\"\",\"store_locator_default_address\":\"\",\"store_locator_name_search\":false,\"store_locator_name_string\":\"\",\"store_locator_not_found_message\":\"\",\"wpgmza_map_align\":\"1\",\"jump_to_nearest_marker_on_initialization\":false,\"automatically_pan_to_users_location\":false,\"override_users_location_zoom_level\":false,\"override_users_location_zoom_levels\":\"\",\"show_distance_from_location\":false,\"map_max_zoom\":\"21\",\"map_min_zoom\":\"0\",\"click_open_link\":false,\"fit_maps_bounds_to_markers\":false,\"fit_maps_bounds_to_markers_after_filtering\":false,\"hide_point_of_interest\":false,\"wpgmza_zoom_on_marker_click\":false,\"wpgmza_zoom_on_marker_click_slider\":\"\",\"close_infowindow_on_map_click\":false,\"disable_lightbox_images\":false,\"use_Raw_Jpeg_Coordinates\":false,\"polygon_labels\":false,\"disable_polygon_info_windows\":false,\"enable_marker_ratings\":false,\"only_load_markers_within_viewport\":false,\"iw_primary_color\":\"\",\"iw_accent_color\":\"\",\"iw_text_color\":\"\",\"wpgmza_listmarkers_by\":\"0\",\"wpgmza_marker_listing_position\":false,\"zoom_level_on_marker_listing_override\":false,\"zoom_level_on_marker_listing_click\":\"\",\"datatable_no_result_message\":\"\",\"remove_search_box_datables\":false,\"dataTable_pagination_style\":null,\"datatable_search_string\":\"\",\"datatable_result_start\":\"\",\"datatable_result_of\":\"\",\"datatable_result_to\":\"\",\"datatable_result_total\":\"\",\"datatable_result_show\":\"\",\"datatable_result_entries\":\"\",\"wpgmza_savemap\":\"Save Map \\u00bb\"}}' data-map-id='1' Data-maps-engine='open-layers' data-shortcode-attributes='{\"id\":\"1\"}' style=\"display:block; overflow:auto; width:100%; height:400px; float:left;\"><\/div><\/div>\n<\/div>\n","protected":false},"excerpt":{"rendered":"<p>Productos y Servicios Impresoras Impresoras de alta calidad para la identificaci\u00f3n de tu negocio Tarjeta de Identificaci\u00f3n Servicio de impresi\u00f3n para tarjetas de identificaci\u00f3n Preguntas Frecuentes Brindamos soporte y atenci\u00f3n &#8230;<\/p>\n","protected":false},"author":1,"featured_media":0,"parent":0,"menu_order":0,"comment_status":"closed","ping_status":"closed","template":"","meta":{"footnotes":""},"class_list":["post-7","page","type-page","status-publish","hentry"],"_links":{"self":[{"href":"https:\/\/hid.servitrans.co\/index.php\/wp-json\/wp\/v2\/pages\/7","targetHints":{"allow":["GET"]}}],"collection":[{"href":"https:\/\/hid.servitrans.co\/index.php\/wp-json\/wp\/v2\/pages"}],"about":[{"href":"https:\/\/hid.servitrans.co\/index.php\/wp-json\/wp\/v2\/types\/page"}],"author":[{"embeddable":true,"href":"https:\/\/hid.servitrans.co\/index.php\/wp-json\/wp\/v2\/users\/1"}],"replies":[{"embeddable":true,"href":"https:\/\/hid.servitrans.co\/index.php\/wp-json\/wp\/v2\/comments?post=7"}],"version-history":[{"count":64,"href":"https:\/\/hid.servitrans.co\/index.php\/wp-json\/wp\/v2\/pages\/7\/revisions"}],"predecessor-version":[{"id":219,"href":"https:\/\/hid.servitrans.co\/index.php\/wp-json\/wp\/v2\/pages\/7\/revisions\/219"}],"wp:attachment":[{"href":"https:\/\/hid.servitrans.co\/index.php\/wp-json\/wp\/v2\/media?parent=7"}],"curies":[{"name":"wp","href":"https:\/\/api.w.org\/{rel}","templated":true}]}}